{"id":98,"date":"2015-01-26T15:47:18","date_gmt":"2015-01-26T15:47:18","guid":{"rendered":"http:\/\/estumoment.com\/?page_id=98"},"modified":"2021-02-25T20:03:24","modified_gmt":"2021-02-25T19:03:24","slug":"soy-contacto","status":"publish","type":"page","link":"https:\/\/estumoment.com\/?page_id=98","title":{"rendered":"SOY\/CONTACTO"},"content":{"rendered":"<p>[et_pb_section fb_built=\u00bb1&#8243; _builder_version=\u00bb3.22&#8243; custom_padding=\u00bb1px|0px|54px|0px\u00bb box_shadow_style=\u00bbpreset2&#8243;][et_pb_row _builder_version=\u00bb3.25&#8243; background_size=\u00bbinitial\u00bb background_position=\u00bbtop_left\u00bb background_repeat=\u00bbrepeat\u00bb custom_padding=\u00bb27px|0px|0px|0px\u00bb][et_pb_column type=\u00bb4_4&#8243; _builder_version=\u00bb3.25&#8243; custom_padding=\u00bb|||\u00bb custom_padding__hover=\u00bb|||\u00bb][et_pb_text _builder_version=\u00bb3.27.4&#8243; text_font=\u00bbOswald|300|||||||\u00bb text_text_color=\u00bbrgba(36,62,144,0.09)\u00bb text_font_size=\u00bb100px\u00bb text_letter_spacing=\u00bb5px\u00bb header_font=\u00bbOswald||||||||\u00bb header_text_color=\u00bb#243e90&#8243; text_orientation=\u00bbcenter\u00bb]<\/p>\n<p style=\"text-align: center;\">Soy\/Contacto<\/p>\n<p>[\/et_pb_text][et_pb_text _builder_version=\u00bb3.27.4&#8243; text_font=\u00bbOpen Sans||||||||\u00bb text_text_color=\u00bb#212121&#8243; text_font_size=\u00bb50px\u00bb header_font=\u00bbOpen Sans||||||||\u00bb header_text_color=\u00bb#212121&#8243; header_font_size=\u00bb50px\u00bb header_letter_spacing=\u00bb50px\u00bb header_5_font=\u00bb||||||||\u00bb header_5_font_size=\u00bb2px\u00bb]<\/p>\n<p style=\"text-align: center;\">Soy\/Contacto<\/p>\n<p>[\/et_pb_text][\/et_pb_column][\/et_pb_row][\/et_pb_section][et_pb_section fb_built=\u00bb1&#8243; _builder_version=\u00bb3.22&#8243; custom_padding=\u00bb57px|0px|54px|0px\u00bb][et_pb_row use_custom_gutter=\u00bbon\u00bb gutter_width=\u00bb2&#8243; make_equal=\u00bbon\u00bb _builder_version=\u00bb3.25&#8243; module_alignment=\u00bbcenter\u00bb custom_padding=\u00bb35px|0px|25.34px|0px\u00bb use_custom_width=\u00bbon\u00bb column_structure=\u00bb1_2,1_2&#8243;][et_pb_column type=\u00bb1_2&#8243; _builder_version=\u00bb3.25&#8243; custom_padding=\u00bb|||\u00bb custom_padding__hover=\u00bb|||\u00bb][et_pb_cta title=\u00bb\u00bfListo para charlar?\u00bb _builder_version=\u00bb4.9.0&#8243; header_level=\u00bbh1&#8243; header_font=\u00bb||||||||\u00bb header_text_align=\u00bbcenter\u00bb header_text_color=\u00bb#000000&#8243; header_font_size=\u00bb32px\u00bb body_font=\u00bb||||||||\u00bb body_text_color=\u00bb#ffffff\u00bb use_background_color=\u00bboff\u00bb background_layout=\u00bblight\u00bb hover_enabled=\u00bb0&#8243; box_shadow_style=\u00bbpreset2&#8243; button_text_size__hover_enabled=\u00bboff\u00bb button_one_text_size__hover_enabled=\u00bboff\u00bb button_two_text_size__hover_enabled=\u00bboff\u00bb button_text_color__hover_enabled=\u00bboff\u00bb button_one_text_color__hover_enabled=\u00bboff\u00bb button_two_text_color__hover_enabled=\u00bboff\u00bb button_border_width__hover_enabled=\u00bboff\u00bb button_one_border_width__hover_enabled=\u00bboff\u00bb button_two_border_width__hover_enabled=\u00bboff\u00bb button_border_color__hover_enabled=\u00bboff\u00bb button_one_border_color__hover_enabled=\u00bboff\u00bb button_two_border_color__hover_enabled=\u00bboff\u00bb button_border_radius__hover_enabled=\u00bboff\u00bb button_one_border_radius__hover_enabled=\u00bboff\u00bb button_two_border_radius__hover_enabled=\u00bboff\u00bb button_letter_spacing__hover_enabled=\u00bboff\u00bb button_one_letter_spacing__hover_enabled=\u00bboff\u00bb button_two_letter_spacing__hover_enabled=\u00bboff\u00bb button_bg_color__hover_enabled=\u00bboff\u00bb button_one_bg_color__hover_enabled=\u00bboff\u00bb button_two_bg_color__hover_enabled=\u00bboff\u00bb sticky_enabled=\u00bb0&#8243;]<\/p>\n<p style=\"margin: 0px; text-align: center;\"><span style=\"margin: 0px;\"><span style=\"color: #000000; font-family: Calibri;\">\u00a0Si quieres m\u00e1s informaci\u00f3n acerca de mis viajes o caminatas. S<\/span><\/span><span style=\"margin: 0px;\"><span style=\"color: #000000; font-family: Calibri;\">i quieres que te acerque Los Apalaches, USA, a trav\u00e9s de una charla. Si<\/span><\/span><span style=\"margin: 0px;\"><span style=\"color: #000000; font-family: Calibri;\"> quieres proponerme alg\u00fan proyecto o quieres compartir tu propia experiencia creo<\/span><\/span><span style=\"margin: 0px;\"><span style=\"color: #000000; font-family: Calibri;\">\u00a0que <em>Estumoment<\/em> para contactar conmigo. <\/span><\/span><\/p>\n<p>[\/et_pb_cta][\/et_pb_column][et_pb_column type=\u00bb1_2&#8243; _builder_version=\u00bb3.25&#8243; custom_padding=\u00bb|||\u00bb custom_padding__hover=\u00bb|||\u00bb][et_pb_contact_form email=\u00bbestumoment@gmail.com\u00bb use_redirect=\u00bbon\u00bb redirect_url=\u00bbhttps:\/\/estumoment.com\/\u00bb success_message=\u00bbGracias, estamos en contacto. \u00bb module_id=\u00bbet_pb_contact_form_0&#8243; _builder_version=\u00bb3.23&#8243; form_field_background_color=\u00bb#ffffff\u00bb form_field_font=\u00bb||||||||\u00bb custom_button=\u00bbon\u00bb button_text_size=\u00bb15px\u00bb button_text_color=\u00bbrgba(0,0,0,0.59)\u00bb button_font=\u00bb||||||||\u00bb box_shadow_style=\u00bbpreset2&#8243; form_background_color=\u00bb#ffffff\u00bb][et_pb_contact_field field_id=\u00bbName\u00bb field_title=\u00bbNombre\u00bb _builder_version=\u00bb3.16&#8243; button_text_size__hover_enabled=\u00bboff\u00bb button_one_text_size__hover_enabled=\u00bboff\u00bb button_two_text_size__hover_enabled=\u00bboff\u00bb button_text_color__hover_enabled=\u00bboff\u00bb button_one_text_color__hover_enabled=\u00bboff\u00bb button_two_text_color__hover_enabled=\u00bboff\u00bb button_border_width__hover_enabled=\u00bboff\u00bb button_one_border_width__hover_enabled=\u00bboff\u00bb button_two_border_width__hover_enabled=\u00bboff\u00bb button_border_color__hover_enabled=\u00bboff\u00bb button_one_border_color__hover_enabled=\u00bboff\u00bb button_two_border_color__hover_enabled=\u00bboff\u00bb button_border_radius__hover_enabled=\u00bboff\u00bb button_one_border_radius__hover_enabled=\u00bboff\u00bb button_two_border_radius__hover_enabled=\u00bboff\u00bb button_letter_spacing__hover_enabled=\u00bboff\u00bb button_one_letter_spacing__hover_enabled=\u00bboff\u00bb button_two_letter_spacing__hover_enabled=\u00bboff\u00bb button_bg_color__hover_enabled=\u00bboff\u00bb button_one_bg_color__hover_enabled=\u00bboff\u00bb button_two_bg_color__hover_enabled=\u00bboff\u00bb][\/et_pb_contact_field][et_pb_contact_field field_id=\u00bbEmail\u00bb field_title=\u00bbDirecci\u00f3n de correo electr\u00f3nico\u00bb field_type=\u00bbemail\u00bb _builder_version=\u00bb3.16&#8243; button_text_size__hover_enabled=\u00bboff\u00bb button_one_text_size__hover_enabled=\u00bboff\u00bb button_two_text_size__hover_enabled=\u00bboff\u00bb button_text_color__hover_enabled=\u00bboff\u00bb button_one_text_color__hover_enabled=\u00bboff\u00bb button_two_text_color__hover_enabled=\u00bboff\u00bb button_border_width__hover_enabled=\u00bboff\u00bb button_one_border_width__hover_enabled=\u00bboff\u00bb button_two_border_width__hover_enabled=\u00bboff\u00bb button_border_color__hover_enabled=\u00bboff\u00bb button_one_border_color__hover_enabled=\u00bboff\u00bb button_two_border_color__hover_enabled=\u00bboff\u00bb button_border_radius__hover_enabled=\u00bboff\u00bb button_one_border_radius__hover_enabled=\u00bboff\u00bb button_two_border_radius__hover_enabled=\u00bboff\u00bb button_letter_spacing__hover_enabled=\u00bboff\u00bb button_one_letter_spacing__hover_enabled=\u00bboff\u00bb button_two_letter_spacing__hover_enabled=\u00bboff\u00bb button_bg_color__hover_enabled=\u00bboff\u00bb button_one_bg_color__hover_enabled=\u00bboff\u00bb button_two_bg_color__hover_enabled=\u00bboff\u00bb][\/et_pb_contact_field][et_pb_contact_field field_id=\u00bbMessage\u00bb field_title=\u00bbMensaje\u00bb field_type=\u00bbtext\u00bb fullwidth_field=\u00bbon\u00bb _builder_version=\u00bb3.16&#8243; button_text_size__hover_enabled=\u00bboff\u00bb button_one_text_size__hover_enabled=\u00bboff\u00bb button_two_text_size__hover_enabled=\u00bboff\u00bb button_text_color__hover_enabled=\u00bboff\u00bb button_one_text_color__hover_enabled=\u00bboff\u00bb button_two_text_color__hover_enabled=\u00bboff\u00bb button_border_width__hover_enabled=\u00bboff\u00bb button_one_border_width__hover_enabled=\u00bboff\u00bb button_two_border_width__hover_enabled=\u00bboff\u00bb button_border_color__hover_enabled=\u00bboff\u00bb button_one_border_color__hover_enabled=\u00bboff\u00bb button_two_border_color__hover_enabled=\u00bboff\u00bb button_border_radius__hover_enabled=\u00bboff\u00bb button_one_border_radius__hover_enabled=\u00bboff\u00bb button_two_border_radius__hover_enabled=\u00bboff\u00bb button_letter_spacing__hover_enabled=\u00bboff\u00bb button_one_letter_spacing__hover_enabled=\u00bboff\u00bb button_two_letter_spacing__hover_enabled=\u00bboff\u00bb button_bg_color__hover_enabled=\u00bboff\u00bb button_one_bg_color__hover_enabled=\u00bboff\u00bb button_two_bg_color__hover_enabled=\u00bboff\u00bb][\/et_pb_contact_field][\/et_pb_contact_form][\/et_pb_column][\/et_pb_row][\/et_pb_section]<\/p>\n","protected":false},"excerpt":{"rendered":"<p>Soy\/ContactoSoy\/Contacto\u00a0Si quieres m\u00e1s informaci\u00f3n acerca de mis viajes o caminatas. Si quieres que te acerque Los Apalaches, USA, a trav\u00e9s de una charla. Si quieres proponerme alg\u00fan proyecto o quieres compartir tu propia experiencia creo\u00a0que Estumoment para contactar conmigo.<\/p>\n","protected":false},"author":1,"featured_media":0,"parent":0,"menu_order":0,"comment_status":"closed","ping_status":"open","template":"","meta":{"_et_pb_use_builder":"on","_et_pb_old_content":"","_et_gb_content_width":"","footnotes":""},"class_list":["post-98","page","type-page","status-publish","hentry"],"_links":{"self":[{"href":"https:\/\/estumoment.com\/index.php?rest_route=\/wp\/v2\/pages\/98","targetHints":{"allow":["GET"]}}],"collection":[{"href":"https:\/\/estumoment.com\/index.php?rest_route=\/wp\/v2\/pages"}],"about":[{"href":"https:\/\/estumoment.com\/index.php?rest_route=\/wp\/v2\/types\/page"}],"author":[{"embeddable":true,"href":"https:\/\/estumoment.com\/index.php?rest_route=\/wp\/v2\/users\/1"}],"replies":[{"embeddable":true,"href":"https:\/\/estumoment.com\/index.php?rest_route=%2Fwp%2Fv2%2Fcomments&post=98"}],"version-history":[{"count":48,"href":"https:\/\/estumoment.com\/index.php?rest_route=\/wp\/v2\/pages\/98\/revisions"}],"predecessor-version":[{"id":2774,"href":"https:\/\/estumoment.com\/index.php?rest_route=\/wp\/v2\/pages\/98\/revisions\/2774"}],"wp:attachment":[{"href":"https:\/\/estumoment.com\/index.php?rest_route=%2Fwp%2Fv2%2Fmedia&parent=98"}],"curies":[{"name":"wp","href":"https:\/\/api.w.org\/{rel}","templated":true}]}}