{"id":64,"date":"2015-01-12T13:53:26","date_gmt":"2015-01-12T13:53:26","guid":{"rendered":"http:\/\/estumoment.com\/?page_id=64"},"modified":"2019-02-18T17:43:01","modified_gmt":"2019-02-18T16:43:01","slug":"apalaches2013","status":"publish","type":"page","link":"https:\/\/estumoment.com\/?page_id=64","title":{"rendered":"APPALACHIAN TRAIL 3500Kms"},"content":{"rendered":"<p>[et_pb_section fb_built=\u00bb1&#8243; _builder_version=\u00bb3.0.92&#8243; custom_padding=\u00bb0px|0px|0px|0px\u00bb box_shadow_style=\u00bbpreset1&#8243;][et_pb_row custom_padding=\u00bb27px|0px|28px|0px\u00bb _builder_version=\u00bb3.0.92&#8243; background_size=\u00bbinitial\u00bb background_position=\u00bbtop_left\u00bb background_repeat=\u00bbrepeat\u00bb][et_pb_column type=\u00bb4_4&#8243; _builder_version=\u00bb3.0.47&#8243; parallax=\u00bboff\u00bb parallax_method=\u00bbon\u00bb][et_pb_text background_layout=\u00bbdark\u00bb _builder_version=\u00bb3.0.92&#8243; text_font=\u00bbOswald|300|||||||\u00bb text_font_size=\u00bb100px\u00bb text_text_color=\u00bbrgba(36,62,144,0.07)\u00bb text_letter_spacing=\u00bb5px\u00bb header_font=\u00bbOswald||||||||\u00bb header_font_size=\u00bb32px\u00bb header_text_color=\u00bb#243e90&#8243; text_orientation=\u00bbcenter\u00bb]<\/p>\n<p style=\"text-align: center;\">Appalachian Trail<\/p>\n<p>[\/et_pb_text][et_pb_text _builder_version=\u00bb3.0.92&#8243; text_font=\u00bbOpen Sans||||||||\u00bb text_font_size=\u00bb50px\u00bb header_font=\u00bbOswald|700|||||||\u00bb header_text_align=\u00bbcenter\u00bb header_font_size=\u00bb50px\u00bb header_text_color=\u00bb#243e90&#8243; header_2_font=\u00bb||||||||\u00bb header_5_font=\u00bb||||||||\u00bb header_5_font_size=\u00bb2px\u00bb]<\/p>\n<p style=\"text-align: center;\">Appalachian Trail<\/p>\n<p>[\/et_pb_text][\/et_pb_column][\/et_pb_row][\/et_pb_section][et_pb_section fb_built=\u00bb1&#8243; background_color=\u00bbrgba(255,255,255,0.12)\u00bb _builder_version=\u00bb3.0.92&#8243; use_background_color_gradient=\u00bbon\u00bb background_color_gradient_start=\u00bbrgba(255,255,255,0.08)\u00bb background_color_gradient_end=\u00bb#ffffff\u00bb custom_padding=\u00bb50px|0px|54px|0px\u00bb][et_pb_row custom_padding=\u00bb0px|0px|27px|0px\u00bb _builder_version=\u00bb3.0.92&#8243;][et_pb_column type=\u00bb1_3&#8243; _builder_version=\u00bb3.0.47&#8243; parallax=\u00bboff\u00bb parallax_method=\u00bbon\u00bb][et_pb_text _builder_version=\u00bb3.0.92&#8243; text_font=\u00bbLaila||||||||\u00bb text_font_size=\u00bb9px\u00bb text_text_color=\u00bb#212121&#8243; text_letter_spacing=\u00bb1px\u00bb header_font=\u00bbLaila||||||||\u00bb header_font_size=\u00bb24px\u00bb header_text_color=\u00bb#2ea3f2&#8243; header_letter_spacing=\u00bb1px\u00bb header_2_font=\u00bbLaila||||||||\u00bb]<\/p>\n<h1 style=\"text-align: justify;\"><span style=\"color: #000000; font-family: Times New Roman; font-size: medium;\"><strong>La vida es como una carrera de obst\u00e1culos<\/strong><\/span><\/h1>\n<p style=\"text-align: justify;\"><span style=\"color: #000000; font-family: Times New Roman; font-size: medium;\"> Siempre superando pruebas. Nadie dijo que llegar a la meta es f\u00e1cil pero con tes\u00f3n y determinaci\u00f3n se puede conseguir. <\/span><\/p>\n<h1 style=\"text-align: justify;\"><span style=\"font-size: medium;\"><span style=\"color: #000000; font-family: Times New Roman;\"><strong>El terreno es duro<\/strong>.<\/span><\/span><span style=\"color: #000000; font-family: Times New Roman; font-size: medium;\">La mochila est\u00e1 cargada no s\u00f3lo de comida sino tambi\u00e9n de inquietudes, de preocupaciones y como no, de ilusiones. Son muchos d\u00edas de andanzas, el cuerpo est\u00e1 cansado, lastimado. Tu fuerza se est\u00e1 poniendo a prueba y descubres que eres m\u00e1s fuerte que lo que pensabas por lo que sigues hacia delante. Eres otra, has cambiado, quieres decir al mundo que eres fuerte. Ni el viento ni la lluvia ni nada va a poder contigo porque tienes toda la energ\u00eda para conseguirlo. <\/span><\/h1>\n<p style=\"text-align: justify;\"><span style=\"margin: 0px; font-family: 'Times New Roman','serif'; font-size: 12pt;\"><span style=\"color: #000000;\"><strong>Caminaste 3500 Kms <\/strong><\/span><\/span><span style=\"margin: 0px; font-family: 'Times New Roman','serif'; font-size: 12pt;\"><span style=\"color: #000000;\">descubriendo las monta\u00f1as m\u00e1s antiguas del mundo, <em><strong>Los Apalaches,<\/strong><\/em> Estados Unidos. Enhorabuena, eres la primera espa\u00f1ola en conseguirlo.<\/span><\/span><\/p>\n<p>[\/et_pb_text][\/et_pb_column][et_pb_column type=\u00bb2_3&#8243; _builder_version=\u00bb3.0.47&#8243; parallax=\u00bboff\u00bb parallax_method=\u00bbon\u00bb][et_pb_image src=\u00bbhttp:\/\/estumoment.com\/wp-content\/uploads\/2015\/02\/1-32.jpg\u00bb _builder_version=\u00bb3.0.92&#8243;][\/et_pb_image][\/et_pb_column][\/et_pb_row][\/et_pb_section]<\/p>\n","protected":false},"excerpt":{"rendered":"<p>Appalachian Trail Appalachian TrailLa vida es como una carrera de obst\u00e1culos Siempre superando pruebas. Nadie dijo que llegar a la meta es f\u00e1cil pero con tes\u00f3n y determinaci\u00f3n se puede conseguir. El terreno es duro.La mochila est\u00e1 cargada no s\u00f3lo de comida sino tambi\u00e9n de inquietudes, de preocupaciones y como no, de ilusiones. Son muchos [&hellip;]<\/p>\n","protected":false},"author":1,"featured_media":0,"parent":0,"menu_order":0,"comment_status":"closed","ping_status":"open","template":"","meta":{"_et_pb_use_builder":"on","_et_pb_old_content":"","_et_gb_content_width":"","footnotes":""},"class_list":["post-64","page","type-page","status-publish","hentry"],"_links":{"self":[{"href":"https:\/\/estumoment.com\/index.php?rest_route=\/wp\/v2\/pages\/64","targetHints":{"allow":["GET"]}}],"collection":[{"href":"https:\/\/estumoment.com\/index.php?rest_route=\/wp\/v2\/pages"}],"about":[{"href":"https:\/\/estumoment.com\/index.php?rest_route=\/wp\/v2\/types\/page"}],"author":[{"embeddable":true,"href":"https:\/\/estumoment.com\/index.php?rest_route=\/wp\/v2\/users\/1"}],"replies":[{"embeddable":true,"href":"https:\/\/estumoment.com\/index.php?rest_route=%2Fwp%2Fv2%2Fcomments&post=64"}],"version-history":[{"count":71,"href":"https:\/\/estumoment.com\/index.php?rest_route=\/wp\/v2\/pages\/64\/revisions"}],"predecessor-version":[{"id":2313,"href":"https:\/\/estumoment.com\/index.php?rest_route=\/wp\/v2\/pages\/64\/revisions\/2313"}],"wp:attachment":[{"href":"https:\/\/estumoment.com\/index.php?rest_route=%2Fwp%2Fv2%2Fmedia&parent=64"}],"curies":[{"name":"wp","href":"https:\/\/api.w.org\/{rel}","templated":true}]}}