{"id":394,"date":"2015-02-15T11:40:32","date_gmt":"2015-02-15T11:40:32","guid":{"rendered":"http:\/\/estumoment.com\/?page_id=394"},"modified":"2018-01-31T20:22:11","modified_gmt":"2018-01-31T19:22:11","slug":"fotografia","status":"publish","type":"page","link":"https:\/\/estumoment.com\/?page_id=394","title":{"rendered":"Fotograf\u00eda y videos"},"content":{"rendered":"<p>[et_pb_section bb_built=\u00bb1&#8243; fullwidth=\u00bbon\u00bb specialty=\u00bboff\u00bb][et_pb_fullwidth_header _builder_version=\u00bb3.0.92&#8243; title=\u00bbFOTOGRAF\u00cdA Y VIDEOS\u00bb text_orientation=\u00bbcenter\u00bb header_fullscreen=\u00bboff\u00bb header_scroll_down=\u00bboff\u00bb image_orientation=\u00bbcenter\u00bb background_layout=\u00bblight\u00bb content_orientation=\u00bbcenter\u00bb custom_button_one=\u00bboff\u00bb button_one_icon_placement=\u00bbright\u00bb custom_button_two=\u00bboff\u00bb button_two_icon_placement=\u00bbright\u00bb \/][\/et_pb_section][et_pb_section bb_built=\u00bb1&#8243; background_color=\u00bbrgba(255,255,255,0)\u00bb _builder_version=\u00bb3.0.92&#8243; background_image=\u00bbhttp:\/\/estumoment.com\/wp-content\/uploads\/2015\/01\/PB103548-002.jpg\u00bb transparent_background=\u00bbon\u00bb][et_pb_row gutter_width=\u00bb0&#8243; _builder_version=\u00bb3.0.92&#8243; background_size=\u00bbinitial\u00bb background_position=\u00bbtop_left\u00bb background_repeat=\u00bbrepeat\u00bb make_fullwidth=\u00bbon\u00bb use_custom_gutter=\u00bbon\u00bb][et_pb_column type=\u00bb4_4&#8243;][et_pb_gallery admin_label=\u00bbGallery\u00bb gallery_ids=\u00bb680,678,645,674,676,642,613,608,315,599,646,598,643,638,604,606,636,673&#8243; posts_number=\u00bb18&#8243; _builder_version=\u00bb3.0.92&#8243; gallery_captions=\u00bb,,,,,,,,,,,,,,,,,\u00bb zoom_icon_color=\u00bbrgba(0,0,0,0.33)\u00bb hover_overlay_color=\u00bbrgba(0,0,0,0.43)\u00bb hover_icon=\u00bb%%51%%\u00bb]<\/p>\n<p>&nbsp;<\/p>\n<p>[\/et_pb_gallery][\/et_pb_column][\/et_pb_row][\/et_pb_section][et_pb_section bb_built=\u00bb1&#8243; fullwidth=\u00bboff\u00bb specialty=\u00bbon\u00bb][et_pb_column type=\u00bb3_4&#8243; specialty_columns=\u00bb3&#8243;][et_pb_row_inner admin_label=\u00bbFila\u00bb][et_pb_column_inner type=\u00bb1_3&#8243; saved_specialty_column_type=\u00bb3_4&#8243;][et_pb_video _builder_version=\u00bb3.0.92&#8243; src=\u00bbhttps:\/\/youtu.be\/DLlZ84axvWE\u00bb \/][et_pb_text _builder_version=\u00bb3.0.92&#8243; background_layout=\u00bblight\u00bb]<\/p>\n<h1>Conect\u00e1ndose con la caminata<\/h1>\n<p>[\/et_pb_text][et_pb_video _builder_version=\u00bb3.0.92&#8243; src=\u00bbhttps:\/\/youtu.be\/pJeTxyIupAw\u00bb \/][et_pb_text _builder_version=\u00bb3.0.92&#8243; background_layout=\u00bblight\u00bb]<\/p>\n<h1>Oso a la vista<\/h1>\n<p>[\/et_pb_text][\/et_pb_column_inner][et_pb_column_inner type=\u00bb1_3&#8243; saved_specialty_column_type=\u00bb3_4&#8243;][et_pb_video admin_label=\u00bbV\u00eddeo apalaches\u00bb _builder_version=\u00bb3.0.92&#8243; src=\u00bbhttps:\/\/youtu.be\/YfamPySY3yI\u00bb \/][et_pb_text _builder_version=\u00bb3.0.92&#8243; background_layout=\u00bblight\u00bb]<\/p>\n<h1>Peque\u00f1os pueblos<\/h1>\n<p>[\/et_pb_text][et_pb_video admin_label=\u00bbV\u00eddeo apalaches\u00bb _builder_version=\u00bb3.0.92&#8243; src=\u00bbhttps:\/\/youtu.be\/djbulwegoUc\u00bb \/][et_pb_text _builder_version=\u00bb3.0.92&#8243; background_layout=\u00bblight\u00bb]<\/p>\n<h1>Oso negro en New Jersey<\/h1>\n<p>[\/et_pb_text][\/et_pb_column_inner][et_pb_column_inner type=\u00bb1_3&#8243; saved_specialty_column_type=\u00bb3_4&#8243;][et_pb_video _builder_version=\u00bb3.0.92&#8243; src=\u00bbhttps:\/\/youtu.be\/yQqt_tTvgWM\u00bb \/][et_pb_text _builder_version=\u00bb3.0.92&#8243; background_layout=\u00bblight\u00bb]<\/p>\n<h1>Superando obst\u00e1culos<\/h1>\n<p>[\/et_pb_text][et_pb_video _builder_version=\u00bb3.0.92&#8243; src=\u00bbhttps:\/\/youtu.be\/Q__eIJlNhrM\u00bb \/][et_pb_text _builder_version=\u00bb3.0.92&#8243; background_layout=\u00bblight\u00bb]<\/p>\n<h1>Siguiendo la l\u00ednea<\/h1>\n<p>[\/et_pb_text][\/et_pb_column_inner][\/et_pb_row_inner][\/et_pb_column][et_pb_column type=\u00bb1_4&#8243;][et_pb_video _builder_version=\u00bb3.0.92&#8243; src=\u00bbhttps:\/\/youtu.be\/Rg0fw_qypeU\u00bb \/][\/et_pb_column][\/et_pb_section]<\/p>\n","protected":false},"excerpt":{"rendered":"<p>&nbsp; Conect\u00e1ndose con la caminata Oso a la vista Peque\u00f1os pueblos Oso negro en New Jersey Superando obst\u00e1culos Siguiendo la l\u00ednea<\/p>\n","protected":false},"author":1,"featured_media":0,"parent":0,"menu_order":0,"comment_status":"closed","ping_status":"open","template":"","meta":{"_et_pb_use_builder":"on","_et_pb_old_content":"","_et_gb_content_width":"","footnotes":""},"class_list":["post-394","page","type-page","status-publish","hentry"],"_links":{"self":[{"href":"https:\/\/estumoment.com\/index.php?rest_route=\/wp\/v2\/pages\/394","targetHints":{"allow":["GET"]}}],"collection":[{"href":"https:\/\/estumoment.com\/index.php?rest_route=\/wp\/v2\/pages"}],"about":[{"href":"https:\/\/estumoment.com\/index.php?rest_route=\/wp\/v2\/types\/page"}],"author":[{"embeddable":true,"href":"https:\/\/estumoment.com\/index.php?rest_route=\/wp\/v2\/users\/1"}],"replies":[{"embeddable":true,"href":"https:\/\/estumoment.com\/index.php?rest_route=%2Fwp%2Fv2%2Fcomments&post=394"}],"version-history":[{"count":41,"href":"https:\/\/estumoment.com\/index.php?rest_route=\/wp\/v2\/pages\/394\/revisions"}],"predecessor-version":[{"id":1793,"href":"https:\/\/estumoment.com\/index.php?rest_route=\/wp\/v2\/pages\/394\/revisions\/1793"}],"wp:attachment":[{"href":"https:\/\/estumoment.com\/index.php?rest_route=%2Fwp%2Fv2%2Fmedia&parent=394"}],"curies":[{"name":"wp","href":"https:\/\/api.w.org\/{rel}","templated":true}]}}