{"id":2941,"date":"2021-03-13T05:00:18","date_gmt":"2021-03-13T04:00:18","guid":{"rendered":"https:\/\/estumoment.com\/?page_id=2941"},"modified":"2021-03-20T23:50:35","modified_gmt":"2021-03-20T22:50:35","slug":"faqs","status":"publish","type":"page","link":"https:\/\/estumoment.com\/?page_id=2941","title":{"rendered":"FAQs"},"content":{"rendered":"<p>[et_pb_section fb_built=\u00bb1&#8243; _builder_version=\u00bb3.22&#8243; custom_padding=\u00bb0px|0px|54px|0px\u00bb][et_pb_row _builder_version=\u00bb3.25&#8243;][et_pb_column type=\u00bb4_4&#8243; _builder_version=\u00bb3.25&#8243; custom_padding=\u00bb|||\u00bb custom_padding__hover=\u00bb|||\u00bb][et_pb_text _builder_version=\u00bb3.27.4&#8243; text_font=\u00bbOpen Sans||||||||\u00bb text_font_size=\u00bb50px\u00bb header_font=\u00bb|700|||||||\u00bb header_font_size=\u00bb50px\u00bb header_5_font=\u00bb||||||||\u00bb header_5_font_size=\u00bb2px\u00bb]<\/p>\n<h1 style=\"text-align: center;\">FAQs<\/h1>\n<p>[\/et_pb_text][et_pb_text _builder_version=\u00bb4.9.0&#8243; text_font=\u00bbPlayfair Display SC|700|||||||\u00bb text_text_color=\u00bbrgba(0,0,0,0.02)\u00bb text_font_size=\u00bb100px\u00bb text_orientation=\u00bbcenter\u00bb]<\/p>\n<p>FAQs<\/p>\n<p>[\/et_pb_text][\/et_pb_column][\/et_pb_row][\/et_pb_section][et_pb_section fb_built=\u00bb1&#8243; _builder_version=\u00bb3.22&#8243; custom_padding=\u00bb15px|||||\u00bb][et_pb_row _builder_version=\u00bb3.25&#8243; background_size=\u00bbinitial\u00bb background_position=\u00bbtop_left\u00bb background_repeat=\u00bbrepeat\u00bb][et_pb_column type=\u00bb4_4&#8243; _builder_version=\u00bb3.25&#8243; custom_padding=\u00bb|||\u00bb custom_padding__hover=\u00bb|||\u00bb][et_pb_text admin_label=\u00bbText\u00bb _builder_version=\u00bb3.27.4&#8243; background_size=\u00bbinitial\u00bb background_position=\u00bbtop_left\u00bb background_repeat=\u00bbrepeat\u00bb text_orientation=\u00bbcenter\u00bb module_alignment=\u00bbcenter\u00bb min_height=\u00bb29px\u00bb]<\/p>\n<h1><strong>\u00abPreguntas Frecuentes\u00bb<\/strong><\/h1>\n<p><strong><\/strong><\/p>\n<p>[\/et_pb_text][et_pb_accordion admin_label=\u00bbfeet-Accordion\u00bb _builder_version=\u00bb4.9.0&#8243; hover_enabled=\u00bb0&#8243; sticky_enabled=\u00bb0&#8243;][et_pb_accordion_item title=\u00bb\u00bfEs importante saber ingl\u00e9s?\u00bb open=\u00bboff\u00bb _builder_version=\u00bb4.9.0&#8243;]<\/p>\n<p>Aunque hay mucha gente que habla espa\u00f1ol por la proximidad a M\u00e9xico y porque en el Colegio se estudia espa\u00f1ol como segunda lengua es arriesgado hacer el AT sin tener conocimientos de ingl\u00e9s.<\/p>\n<p>Un punto importante que destacar\u00eda ser\u00eda poder leer los carteles informativos que encuentras a lo largo del camino. Muy \u00fatiles para tu supervivencia. Hay carteles que te avisan que la zona que vas a entrar est\u00e1 llena de osos o que esta cortada por mantenimiento, o que en dicho tramo hay muchas serpientes<\/p>\n<p>&nbsp;<\/p>\n<p>[\/et_pb_accordion_item][et_pb_accordion_item title=\u00bb\u2022\t\u00bfSi tuvi\u00e9ramos que compararlo con el Camino de Santiago en qu\u00e9 se parece?\u00bb _builder_version=\u00bb4.9.0&#8243; _module_preset=\u00bbdefault\u00bb open=\u00bboff\u00bb]<\/p>\n<p>Son dos senderos completamente diferentes que tienen un objetivo com\u00fan que es caminar, entre otras cosas. Aproximar Los Apalaches a un sendero ya establecido en Espa\u00f1a ser\u00eda el GR11 o Transpirenaica por su dificultad t\u00e9cnica y porque hay m\u00e1s presencia de naturaleza en estado puro.<\/p>\n<p>[\/et_pb_accordion_item][et_pb_accordion_item title=\u00bb\u2022\t\u00bfEl tema del avituallamiento es dif\u00edcil de obtener?\u00bb _builder_version=\u00bb4.9.0&#8243; open=\u00bboff\u00bb]<\/p>\n<p>No, no es dif\u00edcil pero requiere cierta log\u00edstica. El tramo de los 100miles en Maine es duro porque no hay sitios cercanos donde poder comprar. La opci\u00f3n es cargar m\u00e1s comida lo que conlleva m\u00e1s peso.<\/p>\n<p>El resto del camino no tendr\u00e1s problemas de abastecimiento pero habr\u00e1 puntos en los cuales tendr\u00e1s que desplazarte 4 o 6 kil\u00f3metros extra para conseguir comida. Intenta cargar para cuatro o cinco d\u00edas y en base a ello calcula los sitios donde te abastecer\u00e1s.<\/p>\n<p>Si llevas alg\u00fan tipo de dieta especial cuenta con que no en todos los sitios vender\u00e1n lo que necesitas. La otra opci\u00f3n es enviarte la comida por correo.<\/p>\n<p>&nbsp;<\/p>\n<p>[\/et_pb_accordion_item][et_pb_accordion_item title=\u00bb\u2022\t\u00bfEl agua? \u00bb _builder_version=\u00bb4.9.0&#8243; hover_enabled=\u00bb0&#8243; open=\u00bboff\u00bb sticky_enabled=\u00bb0&#8243;]<\/p>\n<p>No hay problema para conseguir agua. Es importante llevar el libro oficial del AT actualizado y tambi\u00e9n aconsejo leer los libros de registro donde te dan m\u00e1s informaci\u00f3n sobre los puntos para obtenci\u00f3n de agua. Lo que yo hac\u00eda si ve\u00eda que no iba a conseguir agua durante un periodo largo de un d\u00eda de senderismo era \u00abcamellar\u00bb, beber mucha agua antes de empezar la caminata.<\/p>\n<p>Hay estados como Pensilvania que el agua no es muy buena por lo que hay que asegurarse muy bien la procedencia del agua.<\/p>\n<p>&nbsp;<\/p>\n<p>[\/et_pb_accordion_item][et_pb_accordion_item title=\u00bb\u2022\t\u00bfEl sistema de cocinado?\u00bb _builder_version=\u00bb4.9.0&#8243; _module_preset=\u00bbdefault\u00bb open=\u00bboff\u00bb]<\/p>\n<p>El sistema m\u00e1s habitual es el hornillo de gas ultraligero que te recomiendo que compres uno americano porque si quieres cambiar\/reponer alguno de sus componentes ser\u00e1 f\u00e1cil encontrar en USA.\u00a0 Asegurad que la v\u00e1lvula sea internacional.<\/p>\n<p>Mi sistema es el siguiente y el que hasta ahora he usado: Un tercio de una lata cortada con unos peque\u00f1os agujeros y agua destilada. Por lo tanto s\u00f3lo puede usarlo para calentar agua pero es muy ligero.<\/p>\n<p>[\/et_pb_accordion_item][et_pb_accordion_item title=\u00bb\u00bfD\u00f3nde guardo mi comida?\u00bb _builder_version=\u00bb4.9.0&#8243; _module_preset=\u00bbdefault\u00bb open=\u00bboff\u00bb]<\/p>\n<p>Es imprescindible llevar una bolsa especial para guardar comida la cual colgar\u00e1s\/guardar\u00e1s en lugares apropiados como en un contenedor de hierro, en una percha adaptada para ello. Cuando no haya nada de eso tendr\u00e1s que colgarla con una cuerda de un \u00e1rbol. Ya sabes que los osos son golosos de todo hasta de la pasta de dientes. Hoy en d\u00eda se est\u00e1 imponiendo la canasta de osos, m\u00e1s dif\u00edcil para abrir para el oso pero de momento no es algo obligatorio por lo menos en los Apalaches.\u00a0<\/p>\n<p>[\/et_pb_accordion_item][et_pb_accordion_item title=\u00bb\u00bfHay buena cobertura?\u00bb _builder_version=\u00bb4.9.0&#8243; _module_preset=\u00bbdefault\u00bb open=\u00bboff\u00bb]<\/p>\n<p>En la mayor\u00eda del camino no hay cobertura s\u00f3lo en algunos sitios como zonas de alta monta\u00f1a o cercano a grandes n\u00facleos urbanos<\/p>\n<p>[\/et_pb_accordion_item][et_pb_accordion_item title=\u00bb\u00bfC\u00f3mo uno encuentra el camino?\u00bb _builder_version=\u00bb4.9.0&#8243; _module_preset=\u00bbdefault\u00bb open=\u00bboff\u00bb]<\/p>\n<p>Una se\u00f1al rectangular blanca (White blaze) te guiar\u00e1 durante todo el camino. El sendero se mantiene por muchos clubes de diferentes estados por lo que puede que sea f\u00e1cil que encuentres a voluntarios: arreglando vallas, quitando troncos que bloquean el camino.<\/p>\n<p>Es dif\u00edcil perderse pero en alg\u00fan tramo podr\u00eda faltarle algo de mantenimiento y f\u00e1cilmente puedes perder la se\u00f1al.\u00a0Yo no llevaba m\u00f3vil, s\u00f3lo el libro del A.T. pero hay hikers que ten\u00edan descargado el track en sus m\u00f3viles.<\/p>\n<p>Tambi\u00e9n tienes una aplicaci\u00f3n que los hikers comentan que es bastante buena. Te dice los puntos de localizaci\u00f3n de agua, shelters&#8230; Y no tienes que cargar con el libro. Imagino que puedes descargar y si no tienes cobertura poder usarlo.\u00a0<\/p>\n<p>[\/et_pb_accordion_item][et_pb_accordion_item title=\u00bb\u00bfCu\u00e1l es al animal que debemos tener especial precauci\u00f3n?\u00bb _builder_version=\u00bb4.9.0&#8243; _module_preset=\u00bbdefault\u00bb open=\u00bboff\u00bb]<\/p>\n<p>Como imagino que ya te habr\u00e1s informado hay zonas con abundancia de osos como New Yersey, serpientes en Pensilvania, ticks (garrapatas) por lo que se aconseja llevar pantalones largos o getres\/polainas, tambi\u00e9n mosquistos en la zona de Maine. Una mosquitera te va ayudar much\u00edsimo. Personalmente, estos \u00faltimos me enojan mucho y si ya me pican ni te cuento.\u00a0<\/p>\n<p>[\/et_pb_accordion_item][et_pb_accordion_item title=\u00bb\u00bfQui\u00e9nes son los Trail Angels?\u00bb _builder_version=\u00bb4.9.0&#8243; _module_preset=\u00bbdefault\u00bb hover_enabled=\u00bb0&#8243; open=\u00bboff\u00bb sticky_enabled=\u00bb0&#8243;]<\/p>\n<p>El AT es una caminata que requiere esfuerzo f\u00edsico y mental pero sin todo ese valor humano que encuentras a lo largo del camino no ser\u00eda posible o se har\u00eda mucho m\u00e1s duro.<\/p>\n<p>Hay momentos que tienes sed y encuentras botellas de agua potable, hay momentos que tienes hambre y encuentras una nevera de camping llena de comida\u2026En esos momentos los Trail Angels piensan en ti. Personas sin \u00e1nimo de lucro que saben el esfuerzo que est\u00e1s haciendo y quieren colaborar y aportar su granito de arena. Siempre que hablo de ellos tengo un nudo en la garganta que no me deja hablar. Es la esencia humana del AT.<\/p>\n<p>[\/et_pb_accordion_item][et_pb_accordion_item title=\u00bb\u00bfAlgo que lleg\u00f3 a incomodarte?\u00bb _builder_version=\u00bb4.9.0&#8243; _module_preset=\u00bbdefault\u00bb open=\u00bboff\u00bb]<\/p>\n<p>Es curioso pero al principio el sonido de las hojas del oto\u00f1o cuando estaba caminando me encantaba escucharlo y me relajaba. Pero despu\u00e9s de un tiempo dentro del estado de Virginia y s\u00f3lo oyendo el contacto de tu calzado con las hojas empezaba a marearme.<\/p>\n<p>[\/et_pb_accordion_item][et_pb_accordion_item title=\u00bb\u00bfCu\u00e1l es tu consejo? \u00bb _builder_version=\u00bb4.9.0&#8243; _module_preset=\u00bbdefault\u00bb open=\u00bboff\u00bb]<\/p>\n<p>Mi consejo es que hagas tu propio camino- hike your own hike- y que ESCUCHES A TU CUERPO.<\/p>\n<p>Mis alegr\u00edas estaban marcadas por peque\u00f1as metas en lugar de pensar en metas largas. Celebra cada paso que hagas y cada d\u00eda que termines.<\/p>\n<p>[\/et_pb_accordion_item][et_pb_accordion_item title=\u00bb\u00bfLo har\u00edas otra vez?\u00bb _builder_version=\u00bb4.9.0&#8243; _module_preset=\u00bbdefault\u00bb open=\u00bbon\u00bb]<\/p>\n<p>Si lo que quieres decir es si vivir\u00eda de nuevo inmersa en la naturaleza y viviendo de una manera muy b\u00e1sica. S\u00ed, lo har\u00eda otra vez.<\/p>\n<p>[\/et_pb_accordion_item][\/et_pb_accordion][\/et_pb_column][\/et_pb_row][\/et_pb_section]<\/p>\n","protected":false},"excerpt":{"rendered":"<p>FAQsFAQs\u00bbPreguntas Frecuentes\u00bb Aunque hay mucha gente que habla espa\u00f1ol por la proximidad a M\u00e9xico y porque en el Colegio se estudia espa\u00f1ol como segunda lengua es arriesgado hacer el AT sin tener conocimientos de ingl\u00e9s. Un punto importante que destacar\u00eda ser\u00eda poder leer los carteles informativos que encuentras a lo largo del camino. Muy \u00fatiles [&hellip;]<\/p>\n","protected":false},"author":1,"featured_media":0,"parent":0,"menu_order":0,"comment_status":"closed","ping_status":"closed","template":"","meta":{"_et_pb_use_builder":"on","_et_pb_old_content":"","_et_gb_content_width":"","footnotes":""},"class_list":["post-2941","page","type-page","status-publish","hentry"],"_links":{"self":[{"href":"https:\/\/estumoment.com\/index.php?rest_route=\/wp\/v2\/pages\/2941","targetHints":{"allow":["GET"]}}],"collection":[{"href":"https:\/\/estumoment.com\/index.php?rest_route=\/wp\/v2\/pages"}],"about":[{"href":"https:\/\/estumoment.com\/index.php?rest_route=\/wp\/v2\/types\/page"}],"author":[{"embeddable":true,"href":"https:\/\/estumoment.com\/index.php?rest_route=\/wp\/v2\/users\/1"}],"replies":[{"embeddable":true,"href":"https:\/\/estumoment.com\/index.php?rest_route=%2Fwp%2Fv2%2Fcomments&post=2941"}],"version-history":[{"count":7,"href":"https:\/\/estumoment.com\/index.php?rest_route=\/wp\/v2\/pages\/2941\/revisions"}],"predecessor-version":[{"id":3068,"href":"https:\/\/estumoment.com\/index.php?rest_route=\/wp\/v2\/pages\/2941\/revisions\/3068"}],"wp:attachment":[{"href":"https:\/\/estumoment.com\/index.php?rest_route=%2Fwp%2Fv2%2Fmedia&parent=2941"}],"curies":[{"name":"wp","href":"https:\/\/api.w.org\/{rel}","templated":true}]}}